{"id":1053,"date":"2014-03-20T23:24:35","date_gmt":"2014-03-20T21:24:35","guid":{"rendered":"http:\/\/mtrigalou.com\/?page_id=1053"},"modified":"2018-05-25T17:33:46","modified_gmt":"2018-05-25T15:33:46","slug":"corbeille-de-fruits-3","status":"publish","type":"page","link":"https:\/\/mtrigalou.com\/?page_id=1053","title":{"rendered":"Portraits de fruits"},"content":{"rendered":"<p>A notre \u00e9poque, la plan\u00e8te photo ne voit que par le selfie, symbole du narcissisme qui envahit les r\u00e9seaux sociaux.<\/p>\n<p>A notre \u00e9poque o\u00f9 paradoxalement, il devient de plus en plus difficile de s\u2019adonner au plaisir de la street photographie devant la peur des gens photographi\u00e9s de se retrouver sur ces m\u00eames r\u00e9seaux sociaux, j\u2019ai d\u00e9cid\u00e9 de rester chez moi pour mettre en sc\u00e8ne ces fruits sur un coin de table, \u00e0 la lumi\u00e8re tamis\u00e9e d\u2019une fen\u00eatre.<\/p>\n<p>Ils nous sont si familiers que nous ne les regardons plus. Leur rondeur, leur couleur, leur texture disent pourtant quelque chose de nous.<\/p>\n<p>Il y a de l&rsquo;harmonie dans les formes d&rsquo;une pomme, les nuances d&rsquo;une peau de p\u00eache, le brillant des cerises m\u00fbres&#8230;<\/p>\n<p>Il y a une promesse de bonheur dans l&rsquo;\u00e9clat d&rsquo;un fruit \u00e9panoui.<\/p>\n<p>Il y a une fragilit\u00e9 touchante dans son fl\u00e9trissement.<\/p>\n<p>A une autre \u00e9poque on aurait appel\u00e9 cela des natures mortes. Mais moi je pr\u00e9f\u00e8re dire \u2018\u2019portrait\u2019\u2019.<\/p>\n<p>Chacun d&rsquo;entre eux exprime la pl\u00e9nitude, la prosp\u00e9rit\u00e9, ou le passage du temps, l&rsquo;abandon. Ou plus simplement\u00a0 \u00e9voque un verger vent\u00e9, une cuisine o\u00f9 l&rsquo;on s&rsquo;affaire, une assiette app\u00e9tissante \u00e0 l&rsquo;heure attendue du dessert.<\/p>\n<p>De prestigieux pr\u00e9d\u00e9cesseurs m&rsquo;ont inspir\u00e9. Ainsi, \u00e0 une autre \u00e9poque, Arcimboldo peignait \u2018\u2019Les saisons\u2019\u2019, des portraits faits de fruits et v\u00e9g\u00e9taux.<\/p>\n<p>&nbsp;<\/p>\n<p>Sur une assiette bien ronde en porcelaine r\u00e9elle<br \/>\nune pomme pose<br \/>\nFace \u00e0 face avec elle<br \/>\nun peintre de la r\u00e9alit\u00e9<br \/>\nessaie vainement de peindre<br \/>\nla pomme telle qu&rsquo;elle est\u2026..<\/p>\n<p>(extrait de \u2018\u2019Promenade de Picasso\u2019\u2019, Jacques Pr\u00e9vert)<\/p>\n","protected":false},"excerpt":{"rendered":"<p>A notre \u00e9poque, la plan\u00e8te photo ne voit que par le selfie, symbole du narcissisme qui envahit les r\u00e9seaux sociaux. A notre \u00e9poque o\u00f9 paradoxalement, il devient de plus en plus difficile de s\u2019adonner au plaisir de la street photographie devant la peur des gens photographi\u00e9s de se retrouver sur ces m\u00eames r\u00e9seaux sociaux, j\u2019ai [&hellip;]<\/p>\n","protected":false},"author":1,"featured_media":983,"parent":27,"menu_order":0,"comment_status":"open","ping_status":"open","template":"template-gallery-4.php","meta":[],"_links":{"self":[{"href":"https:\/\/mtrigalou.com\/index.php?rest_route=\/wp\/v2\/pages\/1053"}],"collection":[{"href":"https:\/\/mtrigalou.com\/index.php?rest_route=\/wp\/v2\/pages"}],"about":[{"href":"https:\/\/mtrigalou.com\/index.php?rest_route=\/wp\/v2\/types\/page"}],"author":[{"embeddable":true,"href":"https:\/\/mtrigalou.com\/index.php?rest_route=\/wp\/v2\/users\/1"}],"replies":[{"embeddable":true,"href":"https:\/\/mtrigalou.com\/index.php?rest_route=%2Fwp%2Fv2%2Fcomments&post=1053"}],"version-history":[{"count":3,"href":"https:\/\/mtrigalou.com\/index.php?rest_route=\/wp\/v2\/pages\/1053\/revisions"}],"predecessor-version":[{"id":1931,"href":"https:\/\/mtrigalou.com\/index.php?rest_route=\/wp\/v2\/pages\/1053\/revisions\/1931"}],"up":[{"embeddable":true,"href":"https:\/\/mtrigalou.com\/index.php?rest_route=\/wp\/v2\/pages\/27"}],"wp:featuredmedia":[{"embeddable":true,"href":"https:\/\/mtrigalou.com\/index.php?rest_route=\/wp\/v2\/media\/983"}],"wp:attachment":[{"href":"https:\/\/mtrigalou.com\/index.php?rest_route=%2Fwp%2Fv2%2Fmedia&parent=1053"}],"curies":[{"name":"wp","href":"https:\/\/api.w.org\/{rel}","templated":true}]}}