{"id":1571,"date":"2017-03-06T14:53:55","date_gmt":"2017-03-06T12:53:55","guid":{"rendered":"http:\/\/mtrigalou.com\/?page_id=1571"},"modified":"2017-03-06T14:59:39","modified_gmt":"2017-03-06T12:59:39","slug":"gesticulation-touristico-pyramidale","status":"publish","type":"page","link":"https:\/\/mtrigalou.com\/?page_id=1571","title":{"rendered":"GESTICULATION TOURISTICO-PYRAMIDALE"},"content":{"rendered":"<p>Les photophones ont engendr\u00e9 une g\u00e9n\u00e9ration de touristes narcissiques dont le premier geste et la premi\u00e8re pr\u00e9occupation, en arrivant sur un site touristique, est de c\u00e9der \u00e0 la mode du selfie, que l\u2019on s\u2019empresse d\u2019envoyer via facebook \u00e0 ses nombreux amis et pouvoir ainsi dire\u00a0:<\/p>\n<p>&lsquo;\u2019j\u2019y \u00e9tais\u2019\u2019 ou \u2018\u2019vous devriez y \u00eatre\u2019\u2019<\/p>\n<p>Et pour \u00eatre original, on se doit de poser dans des attitudes invraisemblables. On remet par exemple au go\u00fbt du jour, sans doute sans le savoir, la jumpology ch\u00e8re \u00e0 Philippe Halsman.<\/p>\n<p>Je me suis attard\u00e9 particuli\u00e8rement \u00e0 la Pyramide du Louvre pour observer ce d\u00e9chainement photographique et m\u00e9diatique. Mais le r\u00e9sultat aurait \u00e9t\u00e9 le m\u00eame avec Big Ben, la statue de la Libert\u00e9 ou devant le Taj-Mahal, par exemple.<\/p>\n","protected":false},"excerpt":{"rendered":"<p>Les photophones ont engendr\u00e9 une g\u00e9n\u00e9ration de touristes narcissiques dont le premier geste et la premi\u00e8re pr\u00e9occupation, en arrivant sur un site touristique, est de c\u00e9der \u00e0 la mode du selfie, que l\u2019on s\u2019empresse d\u2019envoyer via facebook \u00e0 ses nombreux amis et pouvoir ainsi dire\u00a0: &lsquo;\u2019j\u2019y \u00e9tais\u2019\u2019 ou \u2018\u2019vous devriez y \u00eatre\u2019\u2019 Et pour \u00eatre [&hellip;]<\/p>\n","protected":false},"author":1,"featured_media":1583,"parent":451,"menu_order":0,"comment_status":"open","ping_status":"open","template":"template-gallery-4.php","meta":[],"_links":{"self":[{"href":"https:\/\/mtrigalou.com\/index.php?rest_route=\/wp\/v2\/pages\/1571"}],"collection":[{"href":"https:\/\/mtrigalou.com\/index.php?rest_route=\/wp\/v2\/pages"}],"about":[{"href":"https:\/\/mtrigalou.com\/index.php?rest_route=\/wp\/v2\/types\/page"}],"author":[{"embeddable":true,"href":"https:\/\/mtrigalou.com\/index.php?rest_route=\/wp\/v2\/users\/1"}],"replies":[{"embeddable":true,"href":"https:\/\/mtrigalou.com\/index.php?rest_route=%2Fwp%2Fv2%2Fcomments&post=1571"}],"version-history":[{"count":3,"href":"https:\/\/mtrigalou.com\/index.php?rest_route=\/wp\/v2\/pages\/1571\/revisions"}],"predecessor-version":[{"id":1596,"href":"https:\/\/mtrigalou.com\/index.php?rest_route=\/wp\/v2\/pages\/1571\/revisions\/1596"}],"up":[{"embeddable":true,"href":"https:\/\/mtrigalou.com\/index.php?rest_route=\/wp\/v2\/pages\/451"}],"wp:featuredmedia":[{"embeddable":true,"href":"https:\/\/mtrigalou.com\/index.php?rest_route=\/wp\/v2\/media\/1583"}],"wp:attachment":[{"href":"https:\/\/mtrigalou.com\/index.php?rest_route=%2Fwp%2Fv2%2Fmedia&parent=1571"}],"curies":[{"name":"wp","href":"https:\/\/api.w.org\/{rel}","templated":true}]}}