{"id":2256,"date":"2020-08-16T16:17:15","date_gmt":"2020-08-16T14:17:15","guid":{"rendered":"http:\/\/mtrigalou.com\/?page_id=2256"},"modified":"2021-06-30T23:11:41","modified_gmt":"2021-06-30T21:11:41","slug":"hommage-a-o-eliasson","status":"publish","type":"page","link":"https:\/\/mtrigalou.com\/?page_id=2256","title":{"rendered":"HOMMAGE A O. ELIASSON"},"content":{"rendered":"<p>Au cours d\u2019une visite de l\u2019exposition d\u2019Olafur Eliasson \u00e0 la Tate Modern de Londres, j\u2019ai \u00e9t\u00e9 attir\u00e9 par un globe de plastique sombre, fix\u00e9 sur un mur. Je m\u2019en approchais, cherchant \u00e0 regarder \u00e0 l\u2019int\u00e9rieur pour voir ce qu\u2019il y avait \u00e0 d\u00e9couvrir. Rien, trop sombre pour apercevoir quoi que ce soit\u2026<\/p>\n<p>Mais, \u00e9tait-ce une \u0153uvre&nbsp;?<\/p>\n<p>En continuant l\u2019exposition, derri\u00e8re le mur, dans la p\u00e9nombre d\u2019un couloir, je devinais enfin la d\u00e9marche de l\u2019artiste&nbsp;: voulait-il pi\u00e9ger la curiosit\u00e9 des visiteurs ? Sans doute, car en restant un bon moment, je pus observer ces visages d\u00e9form\u00e9s, un peu \u00e0 la mani\u00e8re de ce que nous voyons \u00e0 travers un judas de porte d\u2019entr\u00e9e.<\/p>\n","protected":false},"excerpt":{"rendered":"<p>Au cours d\u2019une visite de l\u2019exposition d\u2019Olafur Eliasson \u00e0 la Tate Modern de Londres, j\u2019ai \u00e9t\u00e9 attir\u00e9 par un globe de plastique sombre, fix\u00e9 sur un mur. Je m\u2019en approchais, cherchant \u00e0 regarder \u00e0 l\u2019int\u00e9rieur pour voir ce qu\u2019il y avait \u00e0 d\u00e9couvrir. Rien, trop sombre pour apercevoir quoi que ce soit\u2026 Mais, \u00e9tait-ce une [&hellip;]<\/p>\n","protected":false},"author":1,"featured_media":2228,"parent":27,"menu_order":0,"comment_status":"closed","ping_status":"closed","template":"template-gallery-4.php","meta":[],"_links":{"self":[{"href":"https:\/\/mtrigalou.com\/index.php?rest_route=\/wp\/v2\/pages\/2256"}],"collection":[{"href":"https:\/\/mtrigalou.com\/index.php?rest_route=\/wp\/v2\/pages"}],"about":[{"href":"https:\/\/mtrigalou.com\/index.php?rest_route=\/wp\/v2\/types\/page"}],"author":[{"embeddable":true,"href":"https:\/\/mtrigalou.com\/index.php?rest_route=\/wp\/v2\/users\/1"}],"replies":[{"embeddable":true,"href":"https:\/\/mtrigalou.com\/index.php?rest_route=%2Fwp%2Fv2%2Fcomments&post=2256"}],"version-history":[{"count":2,"href":"https:\/\/mtrigalou.com\/index.php?rest_route=\/wp\/v2\/pages\/2256\/revisions"}],"predecessor-version":[{"id":2936,"href":"https:\/\/mtrigalou.com\/index.php?rest_route=\/wp\/v2\/pages\/2256\/revisions\/2936"}],"up":[{"embeddable":true,"href":"https:\/\/mtrigalou.com\/index.php?rest_route=\/wp\/v2\/pages\/27"}],"wp:featuredmedia":[{"embeddable":true,"href":"https:\/\/mtrigalou.com\/index.php?rest_route=\/wp\/v2\/media\/2228"}],"wp:attachment":[{"href":"https:\/\/mtrigalou.com\/index.php?rest_route=%2Fwp%2Fv2%2Fmedia&parent=2256"}],"curies":[{"name":"wp","href":"https:\/\/api.w.org\/{rel}","templated":true}]}}