{"id":2291,"date":"2020-09-23T20:11:48","date_gmt":"2020-09-23T18:11:48","guid":{"rendered":"https:\/\/mtrigalou.com\/?page_id=2291"},"modified":"2020-09-23T23:17:35","modified_gmt":"2020-09-23T21:17:35","slug":"tour-du-13eme","status":"publish","type":"page","link":"https:\/\/mtrigalou.com\/?page_id=2291","title":{"rendered":"TOUR DU 13\u00e8me"},"content":{"rendered":"<p>Un projet men\u00e9 des mois durant dans la plus grande confidentialit\u00e9 par la Galerie Itinerrance, avec le soutien de la Mairie du 13\u00e8me et l\u2019accord du bailleur de l\u2019immeuble, ICF Habitat La Sabli\u00e8re. Un projet qui a mobilis\u00e9 plus d\u2019une centaine d\u2019artistes de Street Art, de 15 nationalit\u00e9s diff\u00e9rentes, venus b\u00e9n\u00e9volement des quatre coins du monde, pour investir cette tour avant sa destruction le 8 avril 2014, pour laisser place \u00e0 de nouveaux logements sociaux. Un projet hors normes, avec plus de 4 500 m2 de surface au sol et autant de pans de murs et plafonds, 9 \u00e9tages et des sous-sols, 36 appartements de 4 \u00e0 5 pi\u00e8ces, parfois encore meubl\u00e9s. Un projet en coh\u00e9rence totale avec le mouvement du Street Art, puisqu\u2019\u00e0 la fin, tout a disparu dans les gravats. Un projet devenu r\u00e9alit\u00e9 et ouvert au public du 1er au 31 octobre 2013.<\/p>\n<div style=\"height:100px\" aria-hidden=\"true\" class=\"wp-block-spacer\"><\/div>\n<p><iframe src=\"https:\/\/www.youtube.com\/embed\/HnB7SnDo0bM?start=6\" allow=\"accelerometer; autoplay; clipboard-write; encrypted-media; gyroscope; picture-in-picture\" allowfullscreen=\"\" width=\"800\" height=\"450\" frameborder=\"0\"><\/iframe><\/p>\n","protected":false},"excerpt":{"rendered":"<p>Un projet men\u00e9 des mois durant dans la plus grande confidentialit\u00e9 par la Galerie Itinerrance, avec le soutien de la Mairie du 13\u00e8me et l\u2019accord du bailleur de l\u2019immeuble, ICF Habitat La Sabli\u00e8re. Un projet qui a mobilis\u00e9 plus d\u2019une centaine d\u2019artistes de Street Art, de 15 nationalit\u00e9s diff\u00e9rentes, venus b\u00e9n\u00e9volement des quatre coins du [&hellip;]<\/p>\n","protected":false},"author":1,"featured_media":2301,"parent":2263,"menu_order":0,"comment_status":"closed","ping_status":"closed","template":"","meta":[],"_links":{"self":[{"href":"https:\/\/mtrigalou.com\/index.php?rest_route=\/wp\/v2\/pages\/2291"}],"collection":[{"href":"https:\/\/mtrigalou.com\/index.php?rest_route=\/wp\/v2\/pages"}],"about":[{"href":"https:\/\/mtrigalou.com\/index.php?rest_route=\/wp\/v2\/types\/page"}],"author":[{"embeddable":true,"href":"https:\/\/mtrigalou.com\/index.php?rest_route=\/wp\/v2\/users\/1"}],"replies":[{"embeddable":true,"href":"https:\/\/mtrigalou.com\/index.php?rest_route=%2Fwp%2Fv2%2Fcomments&post=2291"}],"version-history":[{"count":5,"href":"https:\/\/mtrigalou.com\/index.php?rest_route=\/wp\/v2\/pages\/2291\/revisions"}],"predecessor-version":[{"id":2298,"href":"https:\/\/mtrigalou.com\/index.php?rest_route=\/wp\/v2\/pages\/2291\/revisions\/2298"}],"up":[{"embeddable":true,"href":"https:\/\/mtrigalou.com\/index.php?rest_route=\/wp\/v2\/pages\/2263"}],"wp:featuredmedia":[{"embeddable":true,"href":"https:\/\/mtrigalou.com\/index.php?rest_route=\/wp\/v2\/media\/2301"}],"wp:attachment":[{"href":"https:\/\/mtrigalou.com\/index.php?rest_route=%2Fwp%2Fv2%2Fmedia&parent=2291"}],"curies":[{"name":"wp","href":"https:\/\/api.w.org\/{rel}","templated":true}]}}