{"id":3276,"date":"2022-05-16T11:58:32","date_gmt":"2022-05-16T09:58:32","guid":{"rendered":"https:\/\/mtrigalou.com\/?page_id=3276"},"modified":"2022-05-19T09:40:07","modified_gmt":"2022-05-19T07:40:07","slug":"alluvions","status":"publish","type":"page","link":"https:\/\/mtrigalou.com\/?page_id=3276","title":{"rendered":"ALLUVIONS"},"content":{"rendered":"<p>Le flux et le reflux des vagues font \u00e9merger sur une plage de sable blanc des r\u00e9surgences m\u00eal\u00e9es de sable noir.<\/p>\n<p>Cela nous offre ainsi des \u0153uvres naturelles sans cesse renouvel\u00e9es.<\/p>\n<p>Parfois les formes et les dessins ainsi cr\u00e9\u00e9s laissent libre cours \u00e0 notre imagination.<\/p>\n","protected":false},"excerpt":{"rendered":"<p>Le flux et le reflux des vagues font \u00e9merger sur une plage de sable blanc des r\u00e9surgences m\u00eal\u00e9es de sable noir. Cela nous offre ainsi des \u0153uvres naturelles sans cesse renouvel\u00e9es. Parfois les formes et les dessins ainsi cr\u00e9\u00e9s laissent libre cours \u00e0 notre imagination.<\/p>\n","protected":false},"author":1,"featured_media":3325,"parent":27,"menu_order":0,"comment_status":"closed","ping_status":"closed","template":"template-gallery-4.php","meta":[],"_links":{"self":[{"href":"https:\/\/mtrigalou.com\/index.php?rest_route=\/wp\/v2\/pages\/3276"}],"collection":[{"href":"https:\/\/mtrigalou.com\/index.php?rest_route=\/wp\/v2\/pages"}],"about":[{"href":"https:\/\/mtrigalou.com\/index.php?rest_route=\/wp\/v2\/types\/page"}],"author":[{"embeddable":true,"href":"https:\/\/mtrigalou.com\/index.php?rest_route=\/wp\/v2\/users\/1"}],"replies":[{"embeddable":true,"href":"https:\/\/mtrigalou.com\/index.php?rest_route=%2Fwp%2Fv2%2Fcomments&post=3276"}],"version-history":[{"count":1,"href":"https:\/\/mtrigalou.com\/index.php?rest_route=\/wp\/v2\/pages\/3276\/revisions"}],"predecessor-version":[{"id":3278,"href":"https:\/\/mtrigalou.com\/index.php?rest_route=\/wp\/v2\/pages\/3276\/revisions\/3278"}],"up":[{"embeddable":true,"href":"https:\/\/mtrigalou.com\/index.php?rest_route=\/wp\/v2\/pages\/27"}],"wp:featuredmedia":[{"embeddable":true,"href":"https:\/\/mtrigalou.com\/index.php?rest_route=\/wp\/v2\/media\/3325"}],"wp:attachment":[{"href":"https:\/\/mtrigalou.com\/index.php?rest_route=%2Fwp%2Fv2%2Fmedia&parent=3276"}],"curies":[{"name":"wp","href":"https:\/\/api.w.org\/{rel}","templated":true}]}}