{"id":3584,"date":"2024-02-16T18:35:36","date_gmt":"2024-02-16T16:35:36","guid":{"rendered":"https:\/\/mtrigalou.com\/?page_id=3584"},"modified":"2024-02-16T18:53:54","modified_gmt":"2024-02-16T16:53:54","slug":"shichi-go-san","status":"publish","type":"page","link":"https:\/\/mtrigalou.com\/?page_id=3584","title":{"rendered":"Shichi-go-san"},"content":{"rendered":"<p><strong>Au <a href=\"https:\/\/fr.wikipedia.org\/wiki\/Japon\">Japon<\/a>, le <em>Shichi-go-san<\/em>, litt\u00e9ralement \u00ab&nbsp;Sept-cinq-trois&nbsp;\u00bb) est l&rsquo;une des trois f\u00eates qui c\u00e9l\u00e8brent les enfants. C\u2019est un <a href=\"https:\/\/fr.wikipedia.org\/wiki\/Rite_de_passage\">rite de passage<\/a> traditionnel c\u00e9l\u00e9brant les enfants de trois ans, les gar\u00e7ons de cinq ans et les filles de sept ans<\/strong><\/p>\n","protected":false},"excerpt":{"rendered":"<p>Au Japon, le Shichi-go-san, litt\u00e9ralement \u00ab&nbsp;Sept-cinq-trois&nbsp;\u00bb) est l&rsquo;une des trois f\u00eates qui c\u00e9l\u00e8brent les enfants. C\u2019est un rite de passage traditionnel c\u00e9l\u00e9brant les enfants de trois ans, les gar\u00e7ons de cinq ans et les filles de sept ans<\/p>\n","protected":false},"author":1,"featured_media":3572,"parent":10,"menu_order":0,"comment_status":"closed","ping_status":"closed","template":"template-gallery-4.php","meta":[],"_links":{"self":[{"href":"https:\/\/mtrigalou.com\/index.php?rest_route=\/wp\/v2\/pages\/3584"}],"collection":[{"href":"https:\/\/mtrigalou.com\/index.php?rest_route=\/wp\/v2\/pages"}],"about":[{"href":"https:\/\/mtrigalou.com\/index.php?rest_route=\/wp\/v2\/types\/page"}],"author":[{"embeddable":true,"href":"https:\/\/mtrigalou.com\/index.php?rest_route=\/wp\/v2\/users\/1"}],"replies":[{"embeddable":true,"href":"https:\/\/mtrigalou.com\/index.php?rest_route=%2Fwp%2Fv2%2Fcomments&post=3584"}],"version-history":[{"count":2,"href":"https:\/\/mtrigalou.com\/index.php?rest_route=\/wp\/v2\/pages\/3584\/revisions"}],"predecessor-version":[{"id":3587,"href":"https:\/\/mtrigalou.com\/index.php?rest_route=\/wp\/v2\/pages\/3584\/revisions\/3587"}],"up":[{"embeddable":true,"href":"https:\/\/mtrigalou.com\/index.php?rest_route=\/wp\/v2\/pages\/10"}],"wp:featuredmedia":[{"embeddable":true,"href":"https:\/\/mtrigalou.com\/index.php?rest_route=\/wp\/v2\/media\/3572"}],"wp:attachment":[{"href":"https:\/\/mtrigalou.com\/index.php?rest_route=%2Fwp%2Fv2%2Fmedia&parent=3584"}],"curies":[{"name":"wp","href":"https:\/\/api.w.org\/{rel}","templated":true}]}}