{"id":3723,"date":"2024-06-29T12:21:53","date_gmt":"2024-06-29T10:21:53","guid":{"rendered":"https:\/\/mtrigalou.com\/?page_id=3723"},"modified":"2024-06-30T08:34:12","modified_gmt":"2024-06-30T06:34:12","slug":"ombres-stroboscopiques","status":"publish","type":"page","link":"https:\/\/mtrigalou.com\/?page_id=3723","title":{"rendered":"OMBRES STROBOSCOPIQUES"},"content":{"rendered":"<p>Dans la p\u00e9nombre des salles de cette exposition, les visiteurs se d\u00e9placent lentement d\u2019\u0153uvre en \u0153uvre \u00e0 pas feutr\u00e9s, dans un silence quasi religieux. On y entend \u00e0 peine quelques chuchotements. En d\u00e9clenchant des rafales de 6 images, j\u2019ai pu mat\u00e9rialiser ces d\u00e9placements plus ou moins rapides. L\u2019\u00e9cart en chaque ombre est plus ou moins marqu\u00e9 en fonction des mouvements et du degr\u00e9 de lumi\u00e8re ambiante.<\/p>\n","protected":false},"excerpt":{"rendered":"<p>Dans la p\u00e9nombre des salles de cette exposition, les visiteurs se d\u00e9placent lentement d\u2019\u0153uvre en \u0153uvre \u00e0 pas feutr\u00e9s, dans un silence quasi religieux. On y entend \u00e0 peine quelques chuchotements. En d\u00e9clenchant des rafales de 6 images, j\u2019ai pu mat\u00e9rialiser ces d\u00e9placements plus ou moins rapides. L\u2019\u00e9cart en chaque ombre est plus ou moins [&hellip;]<\/p>\n","protected":false},"author":1,"featured_media":3722,"parent":27,"menu_order":0,"comment_status":"closed","ping_status":"closed","template":"template-gallery-4.php","meta":[],"_links":{"self":[{"href":"https:\/\/mtrigalou.com\/index.php?rest_route=\/wp\/v2\/pages\/3723"}],"collection":[{"href":"https:\/\/mtrigalou.com\/index.php?rest_route=\/wp\/v2\/pages"}],"about":[{"href":"https:\/\/mtrigalou.com\/index.php?rest_route=\/wp\/v2\/types\/page"}],"author":[{"embeddable":true,"href":"https:\/\/mtrigalou.com\/index.php?rest_route=\/wp\/v2\/users\/1"}],"replies":[{"embeddable":true,"href":"https:\/\/mtrigalou.com\/index.php?rest_route=%2Fwp%2Fv2%2Fcomments&post=3723"}],"version-history":[{"count":2,"href":"https:\/\/mtrigalou.com\/index.php?rest_route=\/wp\/v2\/pages\/3723\/revisions"}],"predecessor-version":[{"id":3726,"href":"https:\/\/mtrigalou.com\/index.php?rest_route=\/wp\/v2\/pages\/3723\/revisions\/3726"}],"up":[{"embeddable":true,"href":"https:\/\/mtrigalou.com\/index.php?rest_route=\/wp\/v2\/pages\/27"}],"wp:featuredmedia":[{"embeddable":true,"href":"https:\/\/mtrigalou.com\/index.php?rest_route=\/wp\/v2\/media\/3722"}],"wp:attachment":[{"href":"https:\/\/mtrigalou.com\/index.php?rest_route=%2Fwp%2Fv2%2Fmedia&parent=3723"}],"curies":[{"name":"wp","href":"https:\/\/api.w.org\/{rel}","templated":true}]}}