{"id":3896,"date":"2025-06-19T22:49:27","date_gmt":"2025-06-19T20:49:27","guid":{"rendered":"https:\/\/mtrigalou.com\/?page_id=3896"},"modified":"2025-06-19T22:52:23","modified_gmt":"2025-06-19T20:52:23","slug":"ballinasloe","status":"publish","type":"page","link":"https:\/\/mtrigalou.com\/?page_id=3896","title":{"rendered":"BALLINASLOE"},"content":{"rendered":"<p>La foire aux chevaux de Ballinasloe remonte aux ann\u00e9es 1700.est le plus C&rsquo;est le plus grand \u00e9v\u00e9nement \u00e9questre de la r\u00e9gion, attirant des milliers de visiteurs.<\/p>\n","protected":false},"excerpt":{"rendered":"<p>La foire aux chevaux de Ballinasloe remonte aux ann\u00e9es 1700.est le plus C&rsquo;est le plus grand \u00e9v\u00e9nement \u00e9questre de la r\u00e9gion, attirant des milliers de visiteurs.<\/p>\n","protected":false},"author":1,"featured_media":3885,"parent":451,"menu_order":0,"comment_status":"closed","ping_status":"closed","template":"template-gallery-4.php","meta":[],"_links":{"self":[{"href":"https:\/\/mtrigalou.com\/index.php?rest_route=\/wp\/v2\/pages\/3896"}],"collection":[{"href":"https:\/\/mtrigalou.com\/index.php?rest_route=\/wp\/v2\/pages"}],"about":[{"href":"https:\/\/mtrigalou.com\/index.php?rest_route=\/wp\/v2\/types\/page"}],"author":[{"embeddable":true,"href":"https:\/\/mtrigalou.com\/index.php?rest_route=\/wp\/v2\/users\/1"}],"replies":[{"embeddable":true,"href":"https:\/\/mtrigalou.com\/index.php?rest_route=%2Fwp%2Fv2%2Fcomments&post=3896"}],"version-history":[{"count":1,"href":"https:\/\/mtrigalou.com\/index.php?rest_route=\/wp\/v2\/pages\/3896\/revisions"}],"predecessor-version":[{"id":3897,"href":"https:\/\/mtrigalou.com\/index.php?rest_route=\/wp\/v2\/pages\/3896\/revisions\/3897"}],"up":[{"embeddable":true,"href":"https:\/\/mtrigalou.com\/index.php?rest_route=\/wp\/v2\/pages\/451"}],"wp:featuredmedia":[{"embeddable":true,"href":"https:\/\/mtrigalou.com\/index.php?rest_route=\/wp\/v2\/media\/3885"}],"wp:attachment":[{"href":"https:\/\/mtrigalou.com\/index.php?rest_route=%2Fwp%2Fv2%2Fmedia&parent=3896"}],"curies":[{"name":"wp","href":"https:\/\/api.w.org\/{rel}","templated":true}]}}