{"id":3925,"date":"2025-06-20T15:57:18","date_gmt":"2025-06-20T13:57:18","guid":{"rendered":"https:\/\/mtrigalou.com\/?page_id=3925"},"modified":"2025-06-20T16:16:03","modified_gmt":"2025-06-20T14:16:03","slug":"irish-travellers-fair-ballinasloe","status":"publish","type":"page","link":"https:\/\/mtrigalou.com\/?page_id=3925","title":{"rendered":"IRISH TRAVELLERS FAIR, BALLINASLOE"},"content":{"rendered":"<p>En marge d\u2019une foire aux chevaux en Irlande, les jeunes Irish Travellers se retrouvent autour d\u2019une f\u00eate foraine. Malgr\u00e9 le temps pluvieux et le froid, les tenues extravagantes, voire provocantes, des jeunes femmes et une certaine \u00e9l\u00e9gance des hommes aux cheveux gomin\u00e9s contrastent avec l\u2019ambiance d\u00e9su\u00e8te des man\u00e8ges. Plus que la f\u00eate, c\u2019est un jeu de s\u00e9duction qui s\u2019op\u00e8re : regards \u00e9chang\u00e9s, postures \u00e9tudi\u00e9es, chacun se met en sc\u00e8ne.<\/p>\n","protected":false},"excerpt":{"rendered":"<p>En marge d\u2019une foire aux chevaux en Irlande, les jeunes Irish Travellers se retrouvent autour d\u2019une f\u00eate foraine. Malgr\u00e9 le temps pluvieux et le froid, les tenues extravagantes, voire provocantes, des jeunes femmes et une certaine \u00e9l\u00e9gance des hommes aux cheveux gomin\u00e9s contrastent avec l\u2019ambiance d\u00e9su\u00e8te des man\u00e8ges. Plus que la f\u00eate, c\u2019est un jeu [&hellip;]<\/p>\n","protected":false},"author":1,"featured_media":3943,"parent":451,"menu_order":0,"comment_status":"closed","ping_status":"closed","template":"template-gallery-4.php","meta":[],"_links":{"self":[{"href":"https:\/\/mtrigalou.com\/index.php?rest_route=\/wp\/v2\/pages\/3925"}],"collection":[{"href":"https:\/\/mtrigalou.com\/index.php?rest_route=\/wp\/v2\/pages"}],"about":[{"href":"https:\/\/mtrigalou.com\/index.php?rest_route=\/wp\/v2\/types\/page"}],"author":[{"embeddable":true,"href":"https:\/\/mtrigalou.com\/index.php?rest_route=\/wp\/v2\/users\/1"}],"replies":[{"embeddable":true,"href":"https:\/\/mtrigalou.com\/index.php?rest_route=%2Fwp%2Fv2%2Fcomments&post=3925"}],"version-history":[{"count":3,"href":"https:\/\/mtrigalou.com\/index.php?rest_route=\/wp\/v2\/pages\/3925\/revisions"}],"predecessor-version":[{"id":3928,"href":"https:\/\/mtrigalou.com\/index.php?rest_route=\/wp\/v2\/pages\/3925\/revisions\/3928"}],"up":[{"embeddable":true,"href":"https:\/\/mtrigalou.com\/index.php?rest_route=\/wp\/v2\/pages\/451"}],"wp:featuredmedia":[{"embeddable":true,"href":"https:\/\/mtrigalou.com\/index.php?rest_route=\/wp\/v2\/media\/3943"}],"wp:attachment":[{"href":"https:\/\/mtrigalou.com\/index.php?rest_route=%2Fwp%2Fv2%2Fmedia&parent=3925"}],"curies":[{"name":"wp","href":"https:\/\/api.w.org\/{rel}","templated":true}]}}