{"id":663,"date":"2013-06-16T22:18:36","date_gmt":"2013-06-16T20:18:36","guid":{"rendered":"http:\/\/mtrigalou.com\/?page_id=663"},"modified":"2013-07-03T19:30:58","modified_gmt":"2013-07-03T17:30:58","slug":"matinale-sur-le-bund","status":"publish","type":"page","link":"https:\/\/mtrigalou.com\/?page_id=663","title":{"rendered":"Matinale sur le Bund"},"content":{"rendered":"<p>A Shanghai, le Bund est cette promenade longeant la rivi\u00e8re Huangpu.<br \/>\nC\u2019est sur ce parcours de 2 kilom\u00e8tres que, tr\u00e8s t\u00f4t le matin, aux premi\u00e8res lueurs du jour, des habitants de la ville viennent pratiquer leurs activit\u00e9s favorites. Ainsi sous la statue monumentale de Chen Yi, premier maire communiste de la ville, face aux gratte-ciels ultra modernes de Pudong, se c\u00f4toient, fid\u00e8les aux traditions ancestrales, un grand nombre de danseurs, de pratiquants du Tai-chi-chuan, etc&#8230; D\u2019autres \u00e9lancent leur cerf-volant dans le ciel encore sombre.<br \/>\nLa ville s\u2019\u00e9veille doucement. Peu apr\u00e8s le lever du soleil, tout ce petit monde matinal disparait pour faire place aux promeneurs et touristes venus en masse admirer la ville.<\/p>\n","protected":false},"excerpt":{"rendered":"<p>A Shanghai, le Bund est cette promenade longeant la rivi\u00e8re Huangpu. C\u2019est sur ce parcours de 2 kilom\u00e8tres que, tr\u00e8s t\u00f4t le matin, aux premi\u00e8res lueurs du jour, des habitants de la ville viennent pratiquer leurs activit\u00e9s favorites. Ainsi sous la statue monumentale de Chen Yi, premier maire communiste de la ville, face aux gratte-ciels [&hellip;]<\/p>\n","protected":false},"author":1,"featured_media":657,"parent":451,"menu_order":0,"comment_status":"open","ping_status":"open","template":"template-gallery-4.php","meta":[],"_links":{"self":[{"href":"https:\/\/mtrigalou.com\/index.php?rest_route=\/wp\/v2\/pages\/663"}],"collection":[{"href":"https:\/\/mtrigalou.com\/index.php?rest_route=\/wp\/v2\/pages"}],"about":[{"href":"https:\/\/mtrigalou.com\/index.php?rest_route=\/wp\/v2\/types\/page"}],"author":[{"embeddable":true,"href":"https:\/\/mtrigalou.com\/index.php?rest_route=\/wp\/v2\/users\/1"}],"replies":[{"embeddable":true,"href":"https:\/\/mtrigalou.com\/index.php?rest_route=%2Fwp%2Fv2%2Fcomments&post=663"}],"version-history":[{"count":5,"href":"https:\/\/mtrigalou.com\/index.php?rest_route=\/wp\/v2\/pages\/663\/revisions"}],"predecessor-version":[{"id":970,"href":"https:\/\/mtrigalou.com\/index.php?rest_route=\/wp\/v2\/pages\/663\/revisions\/970"}],"up":[{"embeddable":true,"href":"https:\/\/mtrigalou.com\/index.php?rest_route=\/wp\/v2\/pages\/451"}],"wp:featuredmedia":[{"embeddable":true,"href":"https:\/\/mtrigalou.com\/index.php?rest_route=\/wp\/v2\/media\/657"}],"wp:attachment":[{"href":"https:\/\/mtrigalou.com\/index.php?rest_route=%2Fwp%2Fv2%2Fmedia&parent=663"}],"curies":[{"name":"wp","href":"https:\/\/api.w.org\/{rel}","templated":true}]}}